{"id":96,"date":"2014-07-18T12:48:08","date_gmt":"2014-07-18T12:48:08","guid":{"rendered":"http:\/\/construfacil.com.br\/site\/?page_id=96"},"modified":"2014-07-18T12:48:08","modified_gmt":"2014-07-18T12:48:08","slug":"pias-tanques-gabinetes-e-cubas","status":"publish","type":"page","link":"https:\/\/construfacil.com.br\/site\/pias-tanques-gabinetes-e-cubas\/","title":{"rendered":"Pias \/ Tanques \/ Gabinetes e Cubas"},"content":{"rendered":"<table style=\"height: 87px;\" width=\"841\">\n<tbody>\n<tr>\n<td>\n<ul>\n<li>CUBA INOX<\/li>\n<li>PIA GRANITO<\/li>\n<li>PIA INOX<\/li>\n<\/ul>\n<\/td>\n<td>\n<ul>\n<li>PIA SINT\u00c9TICA<\/li>\n<li>SOLEIRAS<\/li>\n<\/ul>\n<\/td>\n<td>\n<ul>\n<li>TANQUE MARMORE SINT\u00c9TICO<\/li>\n<li>TANQUE SINT\u00c9TICO<\/li>\n<\/ul>\n<\/td>\n<\/tr>\n<\/tbody>\n<\/table>\n","protected":false},"excerpt":{"rendered":"<p>CUBA INOX PIA GRANITO PIA INOX PIA SINT\u00c9TICA SOLEIRAS TANQUE MARMORE SINT\u00c9TICO TANQUE SINT\u00c9TICO<\/p>\n","protected":false},"author":1,"featured_media":0,"parent":0,"menu_order":0,"comment_status":"open","ping_status":"open","template":"","meta":{"footnotes":""},"class_list":["post-96","page","type-page","status-publish","hentry","post"],"_links":{"self":[{"href":"https:\/\/construfacil.com.br\/site\/wp-json\/wp\/v2\/pages\/96"}],"collection":[{"href":"https:\/\/construfacil.com.br\/site\/wp-json\/wp\/v2\/pages"}],"about":[{"href":"https:\/\/construfacil.com.br\/site\/wp-json\/wp\/v2\/types\/page"}],"author":[{"embeddable":true,"href":"https:\/\/construfacil.com.br\/site\/wp-json\/wp\/v2\/users\/1"}],"replies":[{"embeddable":true,"href":"https:\/\/construfacil.com.br\/site\/wp-json\/wp\/v2\/comments?post=96"}],"version-history":[{"count":1,"href":"https:\/\/construfacil.com.br\/site\/wp-json\/wp\/v2\/pages\/96\/revisions"}],"predecessor-version":[{"id":97,"href":"https:\/\/construfacil.com.br\/site\/wp-json\/wp\/v2\/pages\/96\/revisions\/97"}],"wp:attachment":[{"href":"https:\/\/construfacil.com.br\/site\/wp-json\/wp\/v2\/media?parent=96"}],"curies":[{"name":"wp","href":"https:\/\/api.w.org\/{rel}","templated":true}]}}