{"id":91,"date":"2014-07-18T12:44:55","date_gmt":"2014-07-18T12:44:55","guid":{"rendered":"http:\/\/construfacil.com.br\/site\/?page_id=91"},"modified":"2014-07-18T12:44:55","modified_gmt":"2014-07-18T12:44:55","slug":"loucas-e-conjuntos-para-banheiros","status":"publish","type":"page","link":"https:\/\/construfacil.com.br\/site\/loucas-e-conjuntos-para-banheiros\/","title":{"rendered":"Lou\u00e7as e Conjuntos para Banheiros"},"content":{"rendered":"<table style=\"height: 68px;\" width=\"987\">\n<tbody>\n<tr>\n<td>\n<ul>\n<li>ASSENTO SANIT\u00c1RIO<\/li>\n<li>CUBAS<\/li>\n<\/ul>\n<\/td>\n<td>\n<ul>\n<li>GABINETE COMPLETO<\/li>\n<li>LAVAT\u00d3RIOS<\/li>\n<\/ul>\n<\/td>\n<td>\n<ul>\n<li>TANQUES DE LOU\u00c7AS<\/li>\n<li>VASO C\/CAIXA ACOPLADA<\/li>\n<\/ul>\n<\/td>\n<\/tr>\n<\/tbody>\n<\/table>\n","protected":false},"excerpt":{"rendered":"<p>ASSENTO SANIT\u00c1RIO CUBAS GABINETE COMPLETO LAVAT\u00d3RIOS TANQUES DE LOU\u00c7AS VASO C\/CAIXA ACOPLADA<\/p>\n","protected":false},"author":1,"featured_media":0,"parent":0,"menu_order":0,"comment_status":"open","ping_status":"open","template":"","meta":{"footnotes":""},"class_list":["post-91","page","type-page","status-publish","hentry","post"],"_links":{"self":[{"href":"https:\/\/construfacil.com.br\/site\/wp-json\/wp\/v2\/pages\/91"}],"collection":[{"href":"https:\/\/construfacil.com.br\/site\/wp-json\/wp\/v2\/pages"}],"about":[{"href":"https:\/\/construfacil.com.br\/site\/wp-json\/wp\/v2\/types\/page"}],"author":[{"embeddable":true,"href":"https:\/\/construfacil.com.br\/site\/wp-json\/wp\/v2\/users\/1"}],"replies":[{"embeddable":true,"href":"https:\/\/construfacil.com.br\/site\/wp-json\/wp\/v2\/comments?post=91"}],"version-history":[{"count":1,"href":"https:\/\/construfacil.com.br\/site\/wp-json\/wp\/v2\/pages\/91\/revisions"}],"predecessor-version":[{"id":92,"href":"https:\/\/construfacil.com.br\/site\/wp-json\/wp\/v2\/pages\/91\/revisions\/92"}],"wp:attachment":[{"href":"https:\/\/construfacil.com.br\/site\/wp-json\/wp\/v2\/media?parent=91"}],"curies":[{"name":"wp","href":"https:\/\/api.w.org\/{rel}","templated":true}]}}