{"id":88,"date":"2014-07-18T12:43:30","date_gmt":"2014-07-18T12:43:30","guid":{"rendered":"http:\/\/construfacil.com.br\/site\/?page_id=88"},"modified":"2014-07-18T12:43:30","modified_gmt":"2014-07-18T12:43:30","slug":"portas-e-janelas","status":"publish","type":"page","link":"https:\/\/construfacil.com.br\/site\/portas-e-janelas\/","title":{"rendered":"Portas e Janelas"},"content":{"rendered":"<table style=\"height: 87px;\" width=\"833\">\n<tbody>\n<tr>\n<td>\n<ul>\n<li>B\u00c1SCULAS DE ALUM\u00cdNIO<\/li>\n<li>DOBRADI\u00c7AS<\/li>\n<li>FECHADURAS<\/li>\n<\/ul>\n<\/td>\n<td>\n<ul>\n<li>FECHOS E TRINCAS<\/li>\n<li>JANELAS DE ALUM\u00cdNIO<\/li>\n<\/ul>\n<\/td>\n<td>\n<ul>\n<li>PORTAS DE ALUM\u00cdNIO<\/li>\n<li>PORTAS DE MADEIRA<\/li>\n<\/ul>\n<\/td>\n<\/tr>\n<\/tbody>\n<\/table>\n","protected":false},"excerpt":{"rendered":"<p>B\u00c1SCULAS DE ALUM\u00cdNIO DOBRADI\u00c7AS FECHADURAS FECHOS E TRINCAS JANELAS DE ALUM\u00cdNIO PORTAS DE ALUM\u00cdNIO PORTAS DE MADEIRA<\/p>\n","protected":false},"author":1,"featured_media":0,"parent":0,"menu_order":0,"comment_status":"open","ping_status":"open","template":"","meta":{"footnotes":""},"class_list":["post-88","page","type-page","status-publish","hentry","post"],"_links":{"self":[{"href":"https:\/\/construfacil.com.br\/site\/wp-json\/wp\/v2\/pages\/88"}],"collection":[{"href":"https:\/\/construfacil.com.br\/site\/wp-json\/wp\/v2\/pages"}],"about":[{"href":"https:\/\/construfacil.com.br\/site\/wp-json\/wp\/v2\/types\/page"}],"author":[{"embeddable":true,"href":"https:\/\/construfacil.com.br\/site\/wp-json\/wp\/v2\/users\/1"}],"replies":[{"embeddable":true,"href":"https:\/\/construfacil.com.br\/site\/wp-json\/wp\/v2\/comments?post=88"}],"version-history":[{"count":1,"href":"https:\/\/construfacil.com.br\/site\/wp-json\/wp\/v2\/pages\/88\/revisions"}],"predecessor-version":[{"id":89,"href":"https:\/\/construfacil.com.br\/site\/wp-json\/wp\/v2\/pages\/88\/revisions\/89"}],"wp:attachment":[{"href":"https:\/\/construfacil.com.br\/site\/wp-json\/wp\/v2\/media?parent=88"}],"curies":[{"name":"wp","href":"https:\/\/api.w.org\/{rel}","templated":true}]}}