{"id":15,"date":"2014-06-09T12:27:47","date_gmt":"2014-06-09T12:27:47","guid":{"rendered":"http:\/\/construfacil.com.br\/site\/?page_id=15"},"modified":"2014-09-12T19:54:00","modified_gmt":"2014-09-12T19:54:00","slug":"pintura","status":"publish","type":"page","link":"https:\/\/construfacil.com.br\/site\/departamentos\/pintura\/","title":{"rendered":"Tintas e Impermeabilizantes"},"content":{"rendered":"<table style=\"height: 106px;\" width=\"897\">\n<tbody>\n<tr>\n<td>\n<ul>\n<li>COLAS<\/li>\n<\/ul>\n<p><a href=\"http:\/\/construfacil.com.br\/site\/wp-content\/uploads\/2014\/06\/Imagem31.png\"><img loading=\"lazy\" decoding=\"async\" class=\"aligncenter size-thumbnail wp-image-238\" src=\"http:\/\/construfacil.com.br\/site\/wp-content\/uploads\/2014\/06\/Imagem31-140x150.png\" alt=\"Imagem3\" width=\"140\" height=\"150\" \/><\/a><\/p>\n<p>&nbsp;<\/p>\n<ul>\n<li>FITA CREPE<\/li>\n<\/ul>\n<p><a href=\"http:\/\/construfacil.com.br\/site\/wp-content\/uploads\/2014\/06\/Imagem51.jpg\"><img loading=\"lazy\" decoding=\"async\" class=\"aligncenter size-full wp-image-242\" src=\"http:\/\/construfacil.com.br\/site\/wp-content\/uploads\/2014\/06\/Imagem51.jpg\" alt=\"Imagem5\" width=\"127\" height=\"121\" \/><\/a><\/p>\n<ul>\n<li>MANTA ADESIVA<\/li>\n<\/ul>\n<p><a href=\"http:\/\/construfacil.com.br\/site\/wp-content\/uploads\/2014\/06\/Imagem26.jpg\"><img loading=\"lazy\" decoding=\"async\" class=\"aligncenter size-thumbnail wp-image-239\" src=\"http:\/\/construfacil.com.br\/site\/wp-content\/uploads\/2014\/06\/Imagem26-150x138.jpg\" alt=\"Imagem2\" width=\"150\" height=\"138\" \/><\/a><\/p>\n<ul>\n<li>MANTA LIQUIDA<\/li>\n<\/ul>\n<p><a href=\"http:\/\/construfacil.com.br\/site\/wp-content\/uploads\/2014\/06\/Imagem1.png\"><img loading=\"lazy\" decoding=\"async\" class=\"aligncenter size-thumbnail wp-image-247\" src=\"http:\/\/construfacil.com.br\/site\/wp-content\/uploads\/2014\/06\/Imagem1-150x125.png\" alt=\"Imagem1\" width=\"150\" height=\"125\" \/><\/a><\/p>\n<p>&nbsp;<\/td>\n<td>\n<ul>\n<li>MASSA CORRIDA<\/li>\n<\/ul>\n<p><a href=\"http:\/\/construfacil.com.br\/site\/wp-content\/uploads\/2014\/06\/Imagem72.png\"><img loading=\"lazy\" decoding=\"async\" class=\"alignleft wp-image-244 size-thumbnail\" src=\"http:\/\/construfacil.com.br\/site\/wp-content\/uploads\/2014\/06\/Imagem72-150x150.png\" alt=\"Imagem7\" width=\"150\" height=\"150\" \/><\/a><\/p>\n<p>&nbsp;<\/p>\n<p>&nbsp;<\/p>\n<p>&nbsp;<\/p>\n<p>&nbsp;<\/p>\n<p>&nbsp;<\/p>\n<p>&nbsp;<\/p>\n<ul>\n<li>PRIMER P\/MANTA<\/li>\n<\/ul>\n<p><a href=\"http:\/\/construfacil.com.br\/site\/wp-content\/uploads\/2014\/06\/Imagem42.jpg\"><img loading=\"lazy\" decoding=\"async\" class=\"alignleft wp-image-241 size-full\" src=\"http:\/\/construfacil.com.br\/site\/wp-content\/uploads\/2014\/06\/Imagem42.jpg\" alt=\"Imagem4\" width=\"139\" height=\"139\" \/><\/a><\/p>\n<p>&nbsp;<\/p>\n<p>&nbsp;<\/p>\n<p>&nbsp;<\/p>\n<p>&nbsp;<\/p>\n<p>&nbsp;<\/p>\n<p>&nbsp;<\/p>\n<ul>\n<li>SELADOR ACR\u00cdLICO<\/li>\n<\/ul>\n<p><a href=\"http:\/\/construfacil.com.br\/site\/wp-content\/uploads\/2014\/06\/Imagem6.png\"><img loading=\"lazy\" decoding=\"async\" class=\"alignleft wp-image-243 size-thumbnail\" src=\"http:\/\/construfacil.com.br\/site\/wp-content\/uploads\/2014\/06\/Imagem6-150x142.png\" alt=\"Imagem6\" width=\"150\" height=\"142\" \/><\/a><\/p>\n<p>&nbsp;<\/p>\n<p>&nbsp;<\/p>\n<p>&nbsp;<\/p>\n<p>&nbsp;<\/p>\n<p>&nbsp;<\/p>\n<p>&nbsp;<\/p>\n<ul>\n<li>TINTAS ACR\u00cdLICA, PVA e ESMALTE SINT\u00c9TICO<\/li>\n<\/ul>\n<p><a href=\"http:\/\/construfacil.com.br\/site\/wp-content\/uploads\/2014\/06\/Imagem8.png\"><img loading=\"lazy\" decoding=\"async\" class=\"alignleft wp-image-245 size-thumbnail\" src=\"http:\/\/construfacil.com.br\/site\/wp-content\/uploads\/2014\/06\/Imagem8-150x150.png\" alt=\"Imagem8\" width=\"150\" height=\"150\" srcset=\"https:\/\/construfacil.com.br\/site\/wp-content\/uploads\/2014\/06\/Imagem8-150x150.png 150w, https:\/\/construfacil.com.br\/site\/wp-content\/uploads\/2014\/06\/Imagem8.png 236w\" sizes=\"(max-width: 150px) 100vw, 150px\" \/><\/a><\/p>\n<p>&nbsp;<\/p>\n<p>&nbsp;<\/p>\n<p>&nbsp;<\/p>\n<p>&nbsp;<\/p>\n<p>&nbsp;<\/p>\n<p>&nbsp;<\/p>\n<ul>\n<li>VERNIZ<\/li>\n<\/ul>\n<p><a href=\"http:\/\/construfacil.com.br\/site\/wp-content\/uploads\/2014\/06\/Imagem102.jpg\"><img loading=\"lazy\" decoding=\"async\" class=\"alignleft wp-image-246 size-thumbnail\" src=\"http:\/\/construfacil.com.br\/site\/wp-content\/uploads\/2014\/06\/Imagem102-150x150.jpg\" alt=\"Imagem10\" width=\"150\" height=\"150\" srcset=\"https:\/\/construfacil.com.br\/site\/wp-content\/uploads\/2014\/06\/Imagem102-150x150.jpg 150w, https:\/\/construfacil.com.br\/site\/wp-content\/uploads\/2014\/06\/Imagem102.jpg 236w\" sizes=\"(max-width: 150px) 100vw, 150px\" \/><\/a><\/td>\n<td><\/td>\n<\/tr>\n<\/tbody>\n<\/table>\n","protected":false},"excerpt":{"rendered":"<p>COLAS &nbsp; FITA CREPE MANTA ADESIVA MANTA LIQUIDA &nbsp; MASSA CORRIDA &nbsp; &nbsp; &nbsp; &nbsp; &nbsp; &nbsp; PRIMER P\/MANTA &nbsp; &nbsp; &nbsp; &nbsp; &nbsp; &nbsp; SELADOR ACR\u00cdLICO &nbsp; &nbsp; &nbsp; &nbsp; &nbsp; &nbsp; TINTAS ACR\u00cdLICA, PVA e ESMALTE SINT\u00c9TICO &nbsp; &nbsp; &nbsp; &nbsp; &nbsp; &nbsp; VERNIZ<\/p>\n","protected":false},"author":1,"featured_media":0,"parent":11,"menu_order":0,"comment_status":"open","ping_status":"open","template":"","meta":{"footnotes":""},"class_list":["post-15","page","type-page","status-publish","hentry","post"],"_links":{"self":[{"href":"https:\/\/construfacil.com.br\/site\/wp-json\/wp\/v2\/pages\/15"}],"collection":[{"href":"https:\/\/construfacil.com.br\/site\/wp-json\/wp\/v2\/pages"}],"about":[{"href":"https:\/\/construfacil.com.br\/site\/wp-json\/wp\/v2\/types\/page"}],"author":[{"embeddable":true,"href":"https:\/\/construfacil.com.br\/site\/wp-json\/wp\/v2\/users\/1"}],"replies":[{"embeddable":true,"href":"https:\/\/construfacil.com.br\/site\/wp-json\/wp\/v2\/comments?post=15"}],"version-history":[{"count":4,"href":"https:\/\/construfacil.com.br\/site\/wp-json\/wp\/v2\/pages\/15\/revisions"}],"predecessor-version":[{"id":248,"href":"https:\/\/construfacil.com.br\/site\/wp-json\/wp\/v2\/pages\/15\/revisions\/248"}],"up":[{"embeddable":true,"href":"https:\/\/construfacil.com.br\/site\/wp-json\/wp\/v2\/pages\/11"}],"wp:attachment":[{"href":"https:\/\/construfacil.com.br\/site\/wp-json\/wp\/v2\/media?parent=15"}],"curies":[{"name":"wp","href":"https:\/\/api.w.org\/{rel}","templated":true}]}}