{"id":138,"date":"2014-08-11T15:08:53","date_gmt":"2014-08-11T15:08:53","guid":{"rendered":"http:\/\/construfacil.com.br\/site\/home\/"},"modified":"2014-08-11T15:10:45","modified_gmt":"2014-08-11T15:10:45","slug":"home","status":"publish","type":"page","link":"https:\/\/construfacil.com.br\/site\/","title":{"rendered":"Home"},"content":{"rendered":"<div id=\"pl-138\"  class=\"panel-layout\" ><div id=\"pg-138-0\"  class=\"panel-grid panel-no-style\" ><div id=\"pgc-138-0-0\"  class=\"panel-grid-cell\" ><div id=\"panel-138-0-0-0\" class=\"so-panel widget widget_text panel-first-child panel-last-child\" data-index=\"0\" ><h3 class=\"widget-title\">Confira os Departamentos<\/h3>\t\t\t<div class=\"textwidget\">Materiais de Primeira linha e Qualidade.\nVenha para a Rede Construf\u00e1cil!<\/div>\n\t\t<\/div><\/div><div id=\"pgc-138-0-1\"  class=\"panel-grid-cell\" ><div id=\"panel-138-0-1-0\" class=\"so-panel widget widget_text panel-first-child panel-last-child\" data-index=\"1\" ><h3 class=\"widget-title\">Constru\u00e7\u00e3o<\/h3>\t\t\t<div class=\"textwidget\"><html>\n\n<head>\n<title>No title<\/title>\n<meta name=\"generator\" content=\"Namo WebEditor(Trial)\">\n<\/head>\n\n<body bgcolor=\"white\" text=\"black\" link=\"blue\" vlink=\"purple\" alink=\"red\">\n<p><a href=\"http:\/\/construfacil.com.br\/site\/departamentos\/construcao\/\"><img decoding=\"async\" src=\"http:\/\/construfacil.com.br\/site\/wp-content\/uploads\/2014\/06\/brita.jpg\" border=\"0\"><\/a><\/p>\n<\/body>\n\n<\/html><\/div>\n\t\t<\/div><\/div><div id=\"pgc-138-0-2\"  class=\"panel-grid-cell\" ><div id=\"panel-138-0-2-0\" class=\"so-panel widget widget_text panel-first-child panel-last-child\" data-index=\"2\" ><h3 class=\"widget-title\">Pintura<\/h3>\t\t\t<div class=\"textwidget\"><html>\n\n<head>\n<title>No title<\/title>\n<meta name=\"generator\" content=\"Namo WebEditor(Trial)\">\n<\/head>\n\n<body bgcolor=\"white\" text=\"black\" link=\"blue\" vlink=\"purple\" alink=\"red\">\n<p><a href=\"http:\/\/construfacil.com.br\/site\/departamentos\/pintura\/\"><img decoding=\"async\" src=\"http:\/\/construfacil.com.br\/site\/wp-content\/uploads\/2014\/06\/pintura.jpg\" border=\"0\"><\/a><\/p>\n<\/body>\n\n<\/html><\/div>\n\t\t<\/div><\/div><div id=\"pgc-138-0-3\"  class=\"panel-grid-cell\" ><div id=\"panel-138-0-3-0\" class=\"so-panel widget widget_text panel-first-child panel-last-child\" data-index=\"3\" ><h3 class=\"widget-title\">El\u00e9trica<\/h3>\t\t\t<div class=\"textwidget\"><html>\n\n<head>\n<title>No title<\/title>\n<meta name=\"generator\" content=\"Namo WebEditor(Trial)\">\n<\/head>\n\n<body bgcolor=\"white\" text=\"black\" link=\"blue\" vlink=\"purple\" alink=\"red\">\n<p><a href=\"http:\/\/construfacil.com.br\/site\/departamentos\/eletrica\/\"><img decoding=\"async\" src=\"http:\/\/construfacil.com.br\/site\/wp-content\/uploads\/2014\/06\/eletrica.jpg\" border=\"0\"><\/a><\/p>\n<\/body>\n\n<\/html><\/div>\n\t\t<\/div><\/div><\/div><div id=\"pg-138-1\"  class=\"panel-grid panel-no-style\" ><div id=\"pgc-138-1-0\"  class=\"panel-grid-cell\" ><div id=\"panel-138-1-0-0\" class=\"so-panel widget widget_text panel-first-child panel-last-child\" data-index=\"4\" ><h3 class=\"widget-title\">Hidr\u00e1ulica<\/h3>\t\t\t<div class=\"textwidget\"><html>\n\n<head>\n<title>No title<\/title>\n<meta name=\"generator\" content=\"Namo WebEditor(Trial)\">\n<\/head>\n\n<body bgcolor=\"white\" text=\"black\" link=\"blue\" vlink=\"purple\" alink=\"red\">\n<p><a href=\"http:\/\/construfacil.com.br\/site\/departamentos\/hidraulica\/\"><img decoding=\"async\" src=\"http:\/\/construfacil.com.br\/site\/wp-content\/uploads\/2014\/06\/tubos.jpg\" border=\"0\"><\/a><\/p>\n<\/body>\n\n<\/html><\/div>\n\t\t<\/div><\/div><div id=\"pgc-138-1-1\"  class=\"panel-grid-cell\" ><div id=\"panel-138-1-1-0\" class=\"so-panel widget widget_text panel-first-child panel-last-child\" data-index=\"5\" ><h3 class=\"widget-title\">Ferramentas<\/h3>\t\t\t<div class=\"textwidget\"><html>\n\n<head>\n<title>No title<\/title>\n<meta name=\"generator\" content=\"Namo WebEditor(Trial)\">\n<\/head>\n\n<body bgcolor=\"white\" text=\"black\" link=\"blue\" vlink=\"purple\" alink=\"red\">\n<p><a href=\"http:\/\/construfacil.com.br\/site\/departamentos\/ferramentas\/\"><img decoding=\"async\" src=\"http:\/\/construfacil.com.br\/site\/wp-content\/uploads\/2014\/06\/ferramentas.jpg\" border=\"0\"><\/a><\/p>\n<\/body>\n\n<\/html><\/div>\n\t\t<\/div><\/div><div id=\"pgc-138-1-2\"  class=\"panel-grid-cell\" ><div id=\"panel-138-1-2-0\" class=\"so-panel widget widget_text panel-first-child panel-last-child\" data-index=\"6\" ><h3 class=\"widget-title\">Ferragens<\/h3>\t\t\t<div class=\"textwidget\"><html>\n\n<head>\n<title>No title<\/title>\n<meta name=\"generator\" content=\"Namo WebEditor(Trial)\">\n<\/head>\n\n<body bgcolor=\"white\" text=\"black\" link=\"blue\" vlink=\"purple\" alink=\"red\">\n<p><a href=\"http:\/\/construfacil.com.br\/site\/departamentos\/ferragens\/\"><img decoding=\"async\" src=\"http:\/\/construfacil.com.br\/site\/wp-content\/uploads\/2014\/06\/ferragens.jpg\" border=\"0\"><\/a><\/p>\n<\/body>\n\n<\/html><\/div>\n\t\t<\/div><\/div><div id=\"pgc-138-1-3\"  class=\"panel-grid-cell\" ><div id=\"panel-138-1-3-0\" class=\"so-panel widget widget_text panel-first-child panel-last-child\" data-index=\"7\" ><h3 class=\"widget-title\">Utilidade Dom\u00e9stica<\/h3>\t\t\t<div class=\"textwidget\"><html>\n\n<head>\n<title>No title<\/title>\n<meta name=\"generator\" content=\"Namo WebEditor(Trial)\">\n<\/head>\n\n<body bgcolor=\"white\" text=\"black\" link=\"blue\" vlink=\"purple\" alink=\"red\">\n<p><a href=\"http:\/\/construfacil.com.br\/site\/departamentos\/utilidade-domestica\/\"><img decoding=\"async\" src=\"http:\/\/construfacil.com.br\/site\/wp-content\/uploads\/2014\/06\/utilidade.jpg\" border=\"0\"><\/a><\/p>\n<\/body>\n\n<\/html><\/div>\n\t\t<\/div><\/div><\/div><div id=\"pg-138-2\"  class=\"panel-grid panel-has-style\" ><div class=\"wide-grey panel-row-style panel-row-style-for-138-2\" ><div id=\"pgc-138-2-0\"  class=\"panel-grid-cell\" ><div id=\"panel-138-2-0-0\" class=\"so-panel widget widget_siteorigin-panels-postloop panel-first-child panel-last-child\" data-index=\"8\" ><h3 class=\"widget-title\"><span class=\"vantage-carousel-title\"><span class=\"vantage-carousel-title-text\">Informativo<\/span><a href=\"#\" class=\"next\">next<\/a><a href=\"#\" class=\"previous\">previous<\/a><\/span><\/h3><div class=\"vantage-carousel-wrapper\">\n\n\t\n\t<ul class=\"vantage-carousel\" data-query=\"{&quot;post_type&quot;:&quot;post&quot;,&quot;posts_per_page&quot;:4,&quot;orderby&quot;:&quot;date&quot;,&quot;order&quot;:&quot;DESC&quot;,&quot;panels_info&quot;:{&quot;grid&quot;:&quot;2&quot;,&quot;cell&quot;:&quot;0&quot;,&quot;id&quot;:&quot;8&quot;,&quot;class&quot;:&quot;SiteOrigin_Panels_Widgets_PostLoop&quot;,&quot;cell_index&quot;:0,&quot;widget_index&quot;:8},&quot;paged&quot;:1,&quot;post__not_in&quot;:[138],&quot;lazy_load_term_meta&quot;:true}\" data-ajax-url=\"https:\/\/construfacil.com.br\/site\/wp-admin\/admin-ajax.php\">\n\t\t\t\t\t<li class=\"carousel-entry\">\n\t\t\t\t<div class=\"thumbnail\">\n\t\t\t\t\t\t\t\t\t\t\t<a href=\"https:\/\/construfacil.com.br\/site\/dicas-do-especialista-eletrica\/\" style=\"background-image: url(https:\/\/construfacil.com.br\/site\/wp-content\/uploads\/2014\/06\/bl-internet-rede-eletrica-thumb-272x182.jpg)\">\n\t\t\t\t\t\t\t<span class=\"overlay\"><\/span>\n\t\t\t\t\t\t<\/a>\n\t\t\t\t\t\t\t\t\t<\/div>\n\t\t\t\t<h3><a href=\"https:\/\/construfacil.com.br\/site\/dicas-do-especialista-eletrica\/\">Dicas do Especialista &#8211; El\u00e9trica<\/a><\/h3>\n\t\t\t<\/li>\n\t\t\t\t\t<li class=\"carousel-entry\">\n\t\t\t\t<div class=\"thumbnail\">\n\t\t\t\t\t\t\t\t\t\t\t<a href=\"https:\/\/construfacil.com.br\/site\/dica-de-hoje-seguranca-em-primeiro-lugar\/\" style=\"background-image: url(https:\/\/construfacil.com.br\/site\/wp-content\/uploads\/2014\/06\/top_construcao-272x182.jpg)\">\n\t\t\t\t\t\t\t<span class=\"overlay\"><\/span>\n\t\t\t\t\t\t<\/a>\n\t\t\t\t\t\t\t\t\t<\/div>\n\t\t\t\t<h3><a href=\"https:\/\/construfacil.com.br\/site\/dica-de-hoje-seguranca-em-primeiro-lugar\/\">Dica de Hoje! Seguran\u00e7a em Primeiro Lugar<\/a><\/h3>\n\t\t\t<\/li>\n\t\t\t\t\t<li class=\"carousel-entry\">\n\t\t\t\t<div class=\"thumbnail\">\n\t\t\t\t\t\t\t\t\t\t\t<a href=\"https:\/\/construfacil.com.br\/site\/peca-o-seu-orcamento-pelo-site\/\" style=\"background-image: url(https:\/\/construfacil.com.br\/site\/wp-content\/uploads\/2014\/06\/orcamento-272x182.jpg)\">\n\t\t\t\t\t\t\t<span class=\"overlay\"><\/span>\n\t\t\t\t\t\t<\/a>\n\t\t\t\t\t\t\t\t\t<\/div>\n\t\t\t\t<h3><a href=\"https:\/\/construfacil.com.br\/site\/peca-o-seu-orcamento-pelo-site\/\">Pe\u00e7a o seu or\u00e7amento pelo site<\/a><\/h3>\n\t\t\t<\/li>\n\t\t\t<\/ul>\n<\/div><\/div><\/div><\/div><\/div><\/div>","protected":false},"excerpt":{"rendered":"<p>Confira os Departamentos Materiais de Primeira linha e Qualidade. Venha para a Rede Construf\u00e1cil! Constru\u00e7\u00e3o Pintura El\u00e9trica Hidr\u00e1ulica Ferramentas Ferragens Utilidade Dom\u00e9stica<\/p>\n","protected":false},"author":1,"featured_media":0,"parent":0,"menu_order":0,"comment_status":"closed","ping_status":"open","template":"","meta":{"footnotes":""},"class_list":["post-138","page","type-page","status-publish","hentry","post","post-with-thumbnail","post-with-thumbnail-large"],"_links":{"self":[{"href":"https:\/\/construfacil.com.br\/site\/wp-json\/wp\/v2\/pages\/138"}],"collection":[{"href":"https:\/\/construfacil.com.br\/site\/wp-json\/wp\/v2\/pages"}],"about":[{"href":"https:\/\/construfacil.com.br\/site\/wp-json\/wp\/v2\/types\/page"}],"author":[{"embeddable":true,"href":"https:\/\/construfacil.com.br\/site\/wp-json\/wp\/v2\/users\/1"}],"replies":[{"embeddable":true,"href":"https:\/\/construfacil.com.br\/site\/wp-json\/wp\/v2\/comments?post=138"}],"version-history":[{"count":1,"href":"https:\/\/construfacil.com.br\/site\/wp-json\/wp\/v2\/pages\/138\/revisions"}],"predecessor-version":[{"id":139,"href":"https:\/\/construfacil.com.br\/site\/wp-json\/wp\/v2\/pages\/138\/revisions\/139"}],"wp:attachment":[{"href":"https:\/\/construfacil.com.br\/site\/wp-json\/wp\/v2\/media?parent=138"}],"curies":[{"name":"wp","href":"https:\/\/api.w.org\/{rel}","templated":true}]}}